{"id":68,"date":"2021-10-04T18:00:41","date_gmt":"2021-10-04T18:00:41","guid":{"rendered":"https:\/\/romaniaactive.ro\/?page_id=68"},"modified":"2022-02-17T14:34:55","modified_gmt":"2022-02-17T14:34:55","slug":"news","status":"publish","type":"page","link":"https:\/\/romaniaactive.ro\/en\/news\/","title":{"rendered":"NEWS"},"content":{"rendered":"\t\t<div data-elementor-type=\"wp-page\" data-elementor-id=\"68\" class=\"elementor elementor-68\" data-elementor-post-type=\"page\">\n\t\t\t\t\t\t<section class=\"elementor-section elementor-top-section elementor-element elementor-element-eb5fa80 elementor-section-height-min-height elementor-section-boxed elementor-section-height-default elementor-section-items-middle\" data-id=\"eb5fa80\" data-element_type=\"section\" data-e-type=\"section\" data-settings=\"{&quot;background_background&quot;:&quot;classic&quot;}\">\n\t\t\t\t\t\t\t<div class=\"elementor-background-overlay\"><\/div>\n\t\t\t\t\t\t\t<div class=\"elementor-container elementor-column-gap-default\">\n\t\t\t\t\t<div class=\"elementor-column elementor-col-100 elementor-top-column elementor-element elementor-element-d3abd78\" data-id=\"d3abd78\" data-element_type=\"column\" data-e-type=\"column\">\n\t\t\t<div class=\"elementor-widget-wrap elementor-element-populated\">\n\t\t\t\t\t\t<div class=\"elementor-element elementor-element-45eccef elementor-widget elementor-widget-heading\" data-id=\"45eccef\" data-element_type=\"widget\" data-e-type=\"widget\" data-widget_type=\"heading.default\">\n\t\t\t\t<div class=\"elementor-widget-container\">\n\t\t\t\t\t<h1 class=\"elementor-heading-title elementor-size-default\">News<\/h1>\t\t\t\t<\/div>\n\t\t\t\t<\/div>\n\t\t\t\t\t<\/div>\n\t\t<\/div>\n\t\t\t\t\t<\/div>\n\t\t<\/section>\n\t\t\t\t<section class=\"elementor-section elementor-top-section elementor-element elementor-element-c13c10b elementor-section-boxed elementor-section-height-default elementor-section-height-default\" data-id=\"c13c10b\" data-element_type=\"section\" data-e-type=\"section\">\n\t\t\t\t\t\t<div class=\"elementor-container elementor-column-gap-wide\">\n\t\t\t\t\t<div class=\"elementor-column elementor-col-50 elementor-top-column elementor-element elementor-element-703035d\" data-id=\"703035d\" data-element_type=\"column\" data-e-type=\"column\">\n\t\t\t<div class=\"elementor-widget-wrap elementor-element-populated\">\n\t\t\t\t\t\t<div class=\"elementor-element elementor-element-87e741b elementor-grid-3 elementor-grid-tablet-2 elementor-grid-mobile-1 elementor-posts--thumbnail-top elementor-widget elementor-widget-posts\" data-id=\"87e741b\" data-element_type=\"widget\" data-e-type=\"widget\" data-settings=\"{&quot;classic_columns&quot;:&quot;3&quot;,&quot;classic_columns_tablet&quot;:&quot;2&quot;,&quot;classic_columns_mobile&quot;:&quot;1&quot;,&quot;classic_row_gap&quot;:{&quot;unit&quot;:&quot;px&quot;,&quot;size&quot;:35,&quot;sizes&quot;:[]},&quot;classic_row_gap_tablet&quot;:{&quot;unit&quot;:&quot;px&quot;,&quot;size&quot;:&quot;&quot;,&quot;sizes&quot;:[]},&quot;classic_row_gap_mobile&quot;:{&quot;unit&quot;:&quot;px&quot;,&quot;size&quot;:&quot;&quot;,&quot;sizes&quot;:[]}}\" data-widget_type=\"posts.classic\">\n\t\t\t\t<div class=\"elementor-widget-container\">\n\t\t\t\t\t\t\t<div class=\"elementor-posts-container elementor-posts elementor-posts--skin-classic elementor-grid\" role=\"list\">\n\t\t\t\t<article class=\"elementor-post elementor-grid-item post-4796 post type-post status-publish format-standard has-post-thumbnail hentry category-uncategorized\" role=\"listitem\">\n\t\t\t\t<a class=\"elementor-post__thumbnail__link\" href=\"https:\/\/romaniaactive.ro\/en\/romaniaactive-si-europeactive-anunta-editia-2025-a-cee-health-fitness-summit-la-timisoara-2\/\" tabindex=\"-1\">\n\t\t\t<div class=\"elementor-post__thumbnail\"><img decoding=\"async\" width=\"300\" height=\"102\" src=\"https:\/\/romaniaactive.ro\/wp-content\/uploads\/event-save-300x102.png\" class=\"attachment-medium size-medium wp-image-4785\" alt=\"\" srcset=\"https:\/\/romaniaactive.ro\/wp-content\/uploads\/event-save-300x102.png 300w, https:\/\/romaniaactive.ro\/wp-content\/uploads\/event-save-768x261.png 768w, https:\/\/romaniaactive.ro\/wp-content\/uploads\/event-save.png 902w\" sizes=\"(max-width: 300px) 100vw, 300px\" \/><\/div>\n\t\t<\/a>\n\t\t\t\t<div class=\"elementor-post__text\">\n\t\t\t\t<h3 class=\"elementor-post__title\">\n\t\t\t<a href=\"https:\/\/romaniaactive.ro\/en\/romaniaactive-si-europeactive-anunta-editia-2025-a-cee-health-fitness-summit-la-timisoara-2\/\">\n\t\t\t\tRomaniaActive \u0219i EuropeActive anun\u021b\u0103 edi\u021bia 2025 a CEE Health &amp; Fitness Summit la Timi\u0219oara\t\t\t<\/a>\n\t\t<\/h3>\n\t\t\t\t<div class=\"elementor-post__excerpt\">\n\t\t\t<p>Timi\u0219oara, Rom\u00e2nia \u2013 3 iulie 2025 \u2013 RomaniaActive, \u00een parteneriat cu EuropeActive, anun\u021b\u0103 cu m\u00e2ndrie organizarea edi\u021biei 2025 a CEE Health &amp; Fitness Summit, cea<\/p>\n\t\t<\/div>\n\t\t\n\t\t<a class=\"elementor-post__read-more\" href=\"https:\/\/romaniaactive.ro\/en\/romaniaactive-si-europeactive-anunta-editia-2025-a-cee-health-fitness-summit-la-timisoara-2\/\" aria-label=\"Read more about RomaniaActive \u0219i EuropeActive anun\u021b\u0103 edi\u021bia 2025 a CEE Health &amp; Fitness Summit la Timi\u0219oara\" tabindex=\"-1\">\n\t\t\tRead More \u00bb\t\t<\/a>\n\n\t\t\t\t<\/div>\n\t\t\t\t<\/article>\n\t\t\t\t<article class=\"elementor-post elementor-grid-item post-4764 post type-post status-publish format-standard has-post-thumbnail hentry category-uncategorized\" role=\"listitem\">\n\t\t\t\t<a class=\"elementor-post__thumbnail__link\" href=\"https:\/\/romaniaactive.ro\/en\/romaniaactive-si-europeactive-anunta-editia-2025-a-cee-health-fitness-summit-la-timisoara\/\" tabindex=\"-1\">\n\t\t\t<div class=\"elementor-post__thumbnail\"><img decoding=\"async\" width=\"300\" height=\"102\" src=\"https:\/\/romaniaactive.ro\/wp-content\/uploads\/event-save-300x102.png\" class=\"attachment-medium size-medium wp-image-4785\" alt=\"\" srcset=\"https:\/\/romaniaactive.ro\/wp-content\/uploads\/event-save-300x102.png 300w, https:\/\/romaniaactive.ro\/wp-content\/uploads\/event-save-768x261.png 768w, https:\/\/romaniaactive.ro\/wp-content\/uploads\/event-save.png 902w\" sizes=\"(max-width: 300px) 100vw, 300px\" \/><\/div>\n\t\t<\/a>\n\t\t\t\t<div class=\"elementor-post__text\">\n\t\t\t\t<h3 class=\"elementor-post__title\">\n\t\t\t<a href=\"https:\/\/romaniaactive.ro\/en\/romaniaactive-si-europeactive-anunta-editia-2025-a-cee-health-fitness-summit-la-timisoara\/\">\n\t\t\t\tRomaniaActive \u0219i EuropeActive anun\u021b\u0103 edi\u021bia 2025 a CEE Health &#038; Fitness Summit la Timi\u0219oara\t\t\t<\/a>\n\t\t<\/h3>\n\t\t\t\t<div class=\"elementor-post__excerpt\">\n\t\t\t<p>Timi\u0219oara, Rom\u00e2nia \u2013 3 iulie 2025 \u2013 RomaniaActive, \u00een parteneriat cu EuropeActive, anun\u021b\u0103 cu m\u00e2ndrie organizarea edi\u021biei 2025 a CEE Health &amp; Fitness Summit, cea<\/p>\n\t\t<\/div>\n\t\t\n\t\t<a class=\"elementor-post__read-more\" href=\"https:\/\/romaniaactive.ro\/en\/romaniaactive-si-europeactive-anunta-editia-2025-a-cee-health-fitness-summit-la-timisoara\/\" aria-label=\"Read more about RomaniaActive \u0219i EuropeActive anun\u021b\u0103 edi\u021bia 2025 a CEE Health &#038; Fitness Summit la Timi\u0219oara\" tabindex=\"-1\">\n\t\t\tRead More \u00bb\t\t<\/a>\n\n\t\t\t\t<\/div>\n\t\t\t\t<\/article>\n\t\t\t\t<article class=\"elementor-post elementor-grid-item post-4319 post type-post status-publish format-standard has-post-thumbnail hentry category-uncategorized\" role=\"listitem\">\n\t\t\t\t<a class=\"elementor-post__thumbnail__link\" href=\"https:\/\/romaniaactive.ro\/en\/romaniaactive-si-agentia-nationala-pentru-sport-lanseaza-campania-fii-propriul-tau-campion\/\" tabindex=\"-1\">\n\t\t\t<div class=\"elementor-post__thumbnail\"><img decoding=\"async\" width=\"300\" height=\"155\" src=\"https:\/\/romaniaactive.ro\/wp-content\/uploads\/Fii-Propriul-Campion-300x155.png\" class=\"attachment-medium size-medium wp-image-4320\" alt=\"\" srcset=\"https:\/\/romaniaactive.ro\/wp-content\/uploads\/Fii-Propriul-Campion-300x155.png 300w, https:\/\/romaniaactive.ro\/wp-content\/uploads\/Fii-Propriul-Campion-1024x530.png 1024w, https:\/\/romaniaactive.ro\/wp-content\/uploads\/Fii-Propriul-Campion-768x398.png 768w, https:\/\/romaniaactive.ro\/wp-content\/uploads\/Fii-Propriul-Campion.png 1116w\" sizes=\"(max-width: 300px) 100vw, 300px\" \/><\/div>\n\t\t<\/a>\n\t\t\t\t<div class=\"elementor-post__text\">\n\t\t\t\t<h3 class=\"elementor-post__title\">\n\t\t\t<a href=\"https:\/\/romaniaactive.ro\/en\/romaniaactive-si-agentia-nationala-pentru-sport-lanseaza-campania-fii-propriul-tau-campion\/\">\n\t\t\t\tRomaniaActive \u0219i Agen\u021bia Na\u021bional\u0103 pentru Sport lanseaz\u0103 Campania \u201eFii propriul t\u0103u campion\u201d.\t\t\t<\/a>\n\t\t<\/h3>\n\t\t\t\t<div class=\"elementor-post__excerpt\">\n\t\t\t<p>Bucure\u0219ti, 13 august: RomaniaActive, vocea reprezentativ\u0103 a industriei de health &amp; fitness din Rom\u00e2nia, \u00een parteneriat cu Agen\u021bia Na\u021bional\u0103 pentru Sport, anun\u021b\u0103 lansarea campaniei \u201eFii<\/p>\n\t\t<\/div>\n\t\t\n\t\t<a class=\"elementor-post__read-more\" href=\"https:\/\/romaniaactive.ro\/en\/romaniaactive-si-agentia-nationala-pentru-sport-lanseaza-campania-fii-propriul-tau-campion\/\" aria-label=\"Read more about RomaniaActive \u0219i Agen\u021bia Na\u021bional\u0103 pentru Sport lanseaz\u0103 Campania \u201eFii propriul t\u0103u campion\u201d.\" tabindex=\"-1\">\n\t\t\tRead More \u00bb\t\t<\/a>\n\n\t\t\t\t<\/div>\n\t\t\t\t<\/article>\n\t\t\t\t<article class=\"elementor-post elementor-grid-item post-452 post type-post status-publish format-standard has-post-thumbnail hentry category-uncategorized\" role=\"listitem\">\n\t\t\t\t<a class=\"elementor-post__thumbnail__link\" href=\"https:\/\/romaniaactive.ro\/en\/the-future-of-fitness-looking-past-covid-19\/\" tabindex=\"-1\">\n\t\t\t<div class=\"elementor-post__thumbnail\"><img fetchpriority=\"high\" decoding=\"async\" width=\"288\" height=\"238\" src=\"https:\/\/romaniaactive.ro\/wp-content\/uploads\/homepage_news-photo-5.png\" class=\"attachment-medium size-medium wp-image-442\" alt=\"\" \/><\/div>\n\t\t<\/a>\n\t\t\t\t<div class=\"elementor-post__text\">\n\t\t\t\t<h3 class=\"elementor-post__title\">\n\t\t\t<a href=\"https:\/\/romaniaactive.ro\/en\/the-future-of-fitness-looking-past-covid-19\/\">\n\t\t\t\tThe Future of Fitness: Looking Past COVID-19\t\t\t<\/a>\n\t\t<\/h3>\n\t\t\t\t<div class=\"elementor-post__excerpt\">\n\t\t\t<p>The fitness industry, among the hardest hit by COVID-19, may not fully recover until 2023 or 2024. We have identified several &#8230; https:\/\/www.lek.com\/insights\/ei\/future-fitness-looking-past-covid-19<\/p>\n\t\t<\/div>\n\t\t\n\t\t<a class=\"elementor-post__read-more\" href=\"https:\/\/romaniaactive.ro\/en\/the-future-of-fitness-looking-past-covid-19\/\" aria-label=\"Read more about The Future of Fitness: Looking Past COVID-19\" tabindex=\"-1\">\n\t\t\tRead More \u00bb\t\t<\/a>\n\n\t\t\t\t<\/div>\n\t\t\t\t<\/article>\n\t\t\t\t<article class=\"elementor-post elementor-grid-item post-450 post type-post status-publish format-standard has-post-thumbnail hentry category-uncategorized\" role=\"listitem\">\n\t\t\t\t<a class=\"elementor-post__thumbnail__link\" href=\"https:\/\/romaniaactive.ro\/en\/covid-19-pandemic-and-quality-of-life-among-romanian-athletes\/\" tabindex=\"-1\">\n\t\t\t<div class=\"elementor-post__thumbnail\"><img loading=\"lazy\" decoding=\"async\" width=\"288\" height=\"238\" src=\"https:\/\/romaniaactive.ro\/wp-content\/uploads\/homepage_news-photo-4.png\" class=\"attachment-medium size-medium wp-image-443\" alt=\"\" \/><\/div>\n\t\t<\/a>\n\t\t\t\t<div class=\"elementor-post__text\">\n\t\t\t\t<h3 class=\"elementor-post__title\">\n\t\t\t<a href=\"https:\/\/romaniaactive.ro\/en\/covid-19-pandemic-and-quality-of-life-among-romanian-athletes\/\">\n\t\t\t\tCOVID-19 Pandemic and Quality of Life among Romanian Athletes\t\t\t<\/a>\n\t\t<\/h3>\n\t\t\t\t<div class=\"elementor-post__excerpt\">\n\t\t\t<p>The aim of this study was to analyze athlete&#8217;s quality of life during the COVID-19 pandemic &#8230; https:\/\/pubmed.ncbi.nlm.nih.gov\/33921546\/<\/p>\n\t\t<\/div>\n\t\t\n\t\t<a class=\"elementor-post__read-more\" href=\"https:\/\/romaniaactive.ro\/en\/covid-19-pandemic-and-quality-of-life-among-romanian-athletes\/\" aria-label=\"Read more about COVID-19 Pandemic and Quality of Life among Romanian Athletes\" tabindex=\"-1\">\n\t\t\tRead More \u00bb\t\t<\/a>\n\n\t\t\t\t<\/div>\n\t\t\t\t<\/article>\n\t\t\t\t<article class=\"elementor-post elementor-grid-item post-445 post type-post status-publish format-standard has-post-thumbnail hentry category-uncategorized\" role=\"listitem\">\n\t\t\t\t<a class=\"elementor-post__thumbnail__link\" href=\"https:\/\/romaniaactive.ro\/en\/medical-experts-speak-out-to-show-gyms-are-safe-essential\/\" tabindex=\"-1\">\n\t\t\t<div class=\"elementor-post__thumbnail\"><img loading=\"lazy\" decoding=\"async\" width=\"248\" height=\"260\" src=\"https:\/\/romaniaactive.ro\/wp-content\/uploads\/News_photo-2.png\" class=\"attachment-medium size-medium wp-image-447\" alt=\"\" \/><\/div>\n\t\t<\/a>\n\t\t\t\t<div class=\"elementor-post__text\">\n\t\t\t\t<h3 class=\"elementor-post__title\">\n\t\t\t<a href=\"https:\/\/romaniaactive.ro\/en\/medical-experts-speak-out-to-show-gyms-are-safe-essential\/\">\n\t\t\t\tMedical Experts Speak Out to Show Gyms Are Safe &#038; Essential\t\t\t<\/a>\n\t\t<\/h3>\n\t\t\t\t<div class=\"elementor-post__excerpt\">\n\t\t\t<p>IHRSA has created a Medical Expert Series to help the public understand that gyms are safe an &#8230; https:\/\/www.ihrsa.org\/about\/media-center\/press-releases\/medical-experts-speak-out-to-show-gyms-are-safe-essential\/<\/p>\n\t\t<\/div>\n\t\t\n\t\t<a class=\"elementor-post__read-more\" href=\"https:\/\/romaniaactive.ro\/en\/medical-experts-speak-out-to-show-gyms-are-safe-essential\/\" aria-label=\"Read more about Medical Experts Speak Out to Show Gyms Are Safe &#038; Essential\" tabindex=\"-1\">\n\t\t\tRead More \u00bb\t\t<\/a>\n\n\t\t\t\t<\/div>\n\t\t\t\t<\/article>\n\t\t\t\t<\/div>\n\t\t\n\t\t\t\t\t\t<\/div>\n\t\t\t\t<\/div>\n\t\t\t\t\t<\/div>\n\t\t<\/div>\n\t\t\t\t<div class=\"elementor-column elementor-col-50 elementor-top-column elementor-element elementor-element-de070ad\" data-id=\"de070ad\" data-element_type=\"column\" data-e-type=\"column\">\n\t\t\t<div class=\"elementor-widget-wrap elementor-element-populated\">\n\t\t\t\t\t\t<div class=\"elementor-element elementor-element-085531f elementor-widget elementor-widget-heading\" data-id=\"085531f\" data-element_type=\"widget\" data-e-type=\"widget\" data-widget_type=\"heading.default\">\n\t\t\t\t<div class=\"elementor-widget-container\">\n\t\t\t\t\t<h3 class=\"elementor-heading-title elementor-size-default\">LinkedIn Feed<\/h3>\t\t\t\t<\/div>\n\t\t\t\t<\/div>\n\t\t\t\t<div class=\"elementor-element elementor-element-1d41d2d elementor-widget elementor-widget-html\" data-id=\"1d41d2d\" data-element_type=\"widget\" data-e-type=\"widget\" data-widget_type=\"html.default\">\n\t\t\t\t<div class=\"elementor-widget-container\">\n\t\t\t\t\t<iframe src=\"https:\/\/www.linkedin.com\/embed\/feed\/update\/urn:li:share:6848149117844144128\" height=\"240\" width=\"504\" frameborder=\"0\" allowfullscreen=\"\" title=\"Anun\u021b \u00eenglobat\"><\/iframe>\t\t\t\t<\/div>\n\t\t\t\t<\/div>\n\t\t\t\t<div class=\"elementor-element elementor-element-efe2737 elementor-widget elementor-widget-html\" data-id=\"efe2737\" data-element_type=\"widget\" data-e-type=\"widget\" data-widget_type=\"html.default\">\n\t\t\t\t<div class=\"elementor-widget-container\">\n\t\t\t\t\t<iframe src=\"https:\/\/www.linkedin.com\/embed\/feed\/update\/urn:li:share:6892388960430350336\" height=\"240\" width=\"504\" frameborder=\"0\" allowfullscreen=\"\" title=\"Anun\u021b \u00eenglobat\"><\/iframe>\t\t\t\t<\/div>\n\t\t\t\t<\/div>\n\t\t\t\t<div class=\"elementor-element elementor-element-e5578f0 elementor-widget elementor-widget-html\" data-id=\"e5578f0\" data-element_type=\"widget\" data-e-type=\"widget\" data-widget_type=\"html.default\">\n\t\t\t\t<div class=\"elementor-widget-container\">\n\t\t\t\t\t<iframe src=\"https:\/\/www.linkedin.com\/embed\/feed\/update\/urn:li:share:6886947876413435904\" height=\"240\" width=\"504\" frameborder=\"0\" allowfullscreen=\"\" title=\"Anun\u021b \u00eenglobat\"><\/iframe>\t\t\t\t<\/div>\n\t\t\t\t<\/div>\n\t\t\t\t\t<\/div>\n\t\t<\/div>\n\t\t\t\t\t<\/div>\n\t\t<\/section>\n\t\t\t\t<\/div>\n\t\t","protected":false},"excerpt":{"rendered":"<p>News LinkedIn Feed<\/p>\n","protected":false},"author":1,"featured_media":0,"parent":0,"menu_order":0,"comment_status":"closed","ping_status":"closed","template":"elementor_header_footer","meta":{"_acf_changed":false,"footnotes":""},"class_list":["post-68","page","type-page","status-publish","hentry"],"acf":[],"_links":{"self":[{"href":"https:\/\/romaniaactive.ro\/en\/wp-json\/wp\/v2\/pages\/68","targetHints":{"allow":["GET"]}}],"collection":[{"href":"https:\/\/romaniaactive.ro\/en\/wp-json\/wp\/v2\/pages"}],"about":[{"href":"https:\/\/romaniaactive.ro\/en\/wp-json\/wp\/v2\/types\/page"}],"author":[{"embeddable":true,"href":"https:\/\/romaniaactive.ro\/en\/wp-json\/wp\/v2\/users\/1"}],"replies":[{"embeddable":true,"href":"https:\/\/romaniaactive.ro\/en\/wp-json\/wp\/v2\/comments?post=68"}],"version-history":[{"count":0,"href":"https:\/\/romaniaactive.ro\/en\/wp-json\/wp\/v2\/pages\/68\/revisions"}],"wp:attachment":[{"href":"https:\/\/romaniaactive.ro\/en\/wp-json\/wp\/v2\/media?parent=68"}],"curies":[{"name":"wp","href":"https:\/\/api.w.org\/{rel}","templated":true}]}}