{"id":4842,"date":"2024-08-06T10:00:31","date_gmt":"2024-08-06T10:00:31","guid":{"rendered":"https:\/\/romaniaactive.ro\/resources\/accessibility-guide\/"},"modified":"2025-08-28T13:39:31","modified_gmt":"2025-08-28T13:39:31","slug":"accessibility-guide","status":"publish","type":"page","link":"https:\/\/romaniaactive.ro\/en\/resources\/accessibility-guide\/","title":{"rendered":"Accessibility Guide"},"content":{"rendered":"\t\t<div data-elementor-type=\"wp-page\" data-elementor-id=\"4842\" class=\"elementor elementor-4842 elementor-3729\" data-elementor-post-type=\"page\">\n\t\t\t\t<div class=\"elementor-element elementor-element-0eb2ab3 e-flex e-con-boxed e-con e-parent\" data-id=\"0eb2ab3\" data-element_type=\"container\" data-e-type=\"container\">\n\t\t\t\t\t<div class=\"e-con-inner\">\n\t\t\t\t<div class=\"elementor-element elementor-element-f937f30 elementor-widget elementor-widget-image\" data-id=\"f937f30\" data-element_type=\"widget\" data-e-type=\"widget\" data-widget_type=\"image.default\">\n\t\t\t\t<div class=\"elementor-widget-container\">\n\t\t\t\t\t\t\t\t\t\t\t\t\t\t\t<img fetchpriority=\"high\" decoding=\"async\" width=\"712\" height=\"1005\" src=\"https:\/\/romaniaactive.ro\/wp-content\/uploads\/Screenshot-2024-08-06-130024.png\" class=\"attachment-full size-full wp-image-3732\" alt=\"\" srcset=\"https:\/\/romaniaactive.ro\/wp-content\/uploads\/Screenshot-2024-08-06-130024.png 712w, https:\/\/romaniaactive.ro\/wp-content\/uploads\/Screenshot-2024-08-06-130024-213x300.png 213w\" sizes=\"(max-width: 712px) 100vw, 712px\" \/>\t\t\t\t\t\t\t\t\t\t\t\t\t\t\t<\/div>\n\t\t\t\t<\/div>\n\t\t\t\t<div class=\"elementor-element elementor-element-1bfc1d1 elementor-widget elementor-widget-text-editor\" data-id=\"1bfc1d1\" data-element_type=\"widget\" data-e-type=\"widget\" data-widget_type=\"text-editor.default\">\n\t\t\t\t<div class=\"elementor-widget-container\">\n\t\t\t\t\t\t\t\t\t<p style=\"font-weight: 400;\">Scopul acestui ghid este de a sublinia importan\u021ba vital\u0103 a incluziunii \u00een activit\u0103\u021bile fizice, \u00een special<br>pentru persoanele cu dizabilit\u0103\u021bi. <g id=\"gid_0\">Activitatea<\/g><g id=\"gid_1\">\u200bfzic<\/g><g id=\"gid_2\">\u0103<\/g><g id=\"gid_3\">\u200b este<\/g><g id=\"gid_4\">\u200b un<\/g><g id=\"gid_5\">\u200b aspect<\/g><g id=\"gid_6\">\u200bfundamental<\/g><g id=\"gid_7\">\u200b al<\/g><g id=\"gid_8\">\u200b s<\/g><g id=\"gid_9\">\u0103n<\/g><g id=\"gid_10\">\u0103t<\/g><g id=\"gid_11\">\u0103\u021bii,<\/g><g id=\"gid_12\">\u200b<br>bun\u0103st\u0103rii<\/g> <strong>\u200b <\/strong><strong>\u0219i<\/strong><strong>\u200b socializ<\/strong><strong>\u0103rii<\/strong><strong>\u200b pentru<\/strong><strong>\u200btoate<\/strong><strong>\u200b persoanele,<\/strong><strong>\u200b indiferent<\/strong><strong>\u200b de<\/strong><strong>\u200bcapacit<\/strong><strong>\u0103\u021bile<\/strong><strong>\u200b lor<\/strong><strong>\u200b fizice. <\/strong>Cu<br>toate acestea, <g id=\"gid_0\">persoanele cu handicap se confrunt\u0103<\/g><g id=\"gid_1\">\u200b adesea<\/g><g id=\"gid_2\">\u200b cu<\/g><g id=\"gid_3\">\u200b bariere<\/g><g id=\"gid_4\">\u200bsemnificative<\/g><g id=\"gid_5\">\u200b care<\/g><g id=\"gid_6\">\u200b<br>le<\/g><g id=\"gid_7\">\u200blimiteaz<\/g><g id=\"gid_8\">\u0103 <\/g>participarea la sport, fitness \u0219i activit\u0103\u021bi fzice. Acest ghid \u00ee\u0219i propune s\u0103 abordeze<br>aceste bariere, oferind solu\u021bii practice \u0219i strategii care promoveaz\u0103 accesibilitatea \u0219i incluziunea.  <br>The ultimate goal is <strong>to<\/strong><strong>\u200bmake<\/strong><strong>\u200b<\/strong><strong>sure<\/strong><strong>\u200bt<\/strong><strong>hat<\/strong><strong>activites<\/strong><strong>activities<\/strong><strong>\u200b physical<\/strong><strong>are<\/strong><strong>welcoming<\/strong><strong>\u200b<\/strong><strong>and<\/strong><strong>accesible<\/strong><strong>allow<\/strong><strong>ing<\/strong><strong>\u200b<br>people<\/strong><strong>\u200b cu<\/strong><strong>disabilit<\/strong><strong>ies t<\/strong><strong>o<\/strong><strong>participate<\/strong><strong>\u200b- <\/strong><strong>fully<\/strong><strong>and<\/strong><strong>\u200bt<\/strong><strong>o <\/strong><strong>benefit<\/strong><strong>\u200b<\/strong><strong>in <\/strong><strong>a way<\/strong><strong>that is equal.<br><br><b>This inclusion guide is designed for a wide range of audiences who play a<br>key role in providing, managing, and promoting physical activities.<\/b><br><\/strong><\/p>\t\t\t\t\t\t\t\t<\/div>\n\t\t\t\t<\/div>\n\t\t\t\t\t<\/div>\n\t\t\t\t<\/div>\n\t\t<div class=\"elementor-element elementor-element-5af76e9 e-flex e-con-boxed e-con e-parent\" data-id=\"5af76e9\" data-element_type=\"container\" data-e-type=\"container\">\n\t\t\t\t\t<div class=\"e-con-inner\">\n\t\t\t\t<div class=\"elementor-element elementor-element-bb582f1 elementor-button-align-center elementor-widget elementor-widget-form\" data-id=\"bb582f1\" data-element_type=\"widget\" data-e-type=\"widget\" data-settings=\"{&quot;step_next_label&quot;:&quot;Next&quot;,&quot;step_previous_label&quot;:&quot;Previous&quot;,&quot;button_width&quot;:&quot;100&quot;,&quot;step_type&quot;:&quot;number_text&quot;,&quot;step_icon_shape&quot;:&quot;circle&quot;}\" data-widget_type=\"form.default\">\n\t\t\t\t<div class=\"elementor-widget-container\">\n\t\t\t\t\t\t\t<form class=\"elementor-form\" method=\"post\" name=\"Accessibility Guide\" aria-label=\"Accessibility Guide\">\n\t\t\t<input type=\"hidden\" name=\"post_id\" value=\"4842\"\/>\n\t\t\t<input type=\"hidden\" name=\"form_id\" value=\"bb582f1\"\/>\n\t\t\t<input type=\"hidden\" name=\"referer_title\" value=\"Accessibility Guide - Romania Active\" \/>\n\n\t\t\t\t\t\t\t<input type=\"hidden\" name=\"queried_id\" value=\"4842\"\/>\n\t\t\t\n\t\t\t<div class=\"elementor-form-fields-wrapper elementor-labels-\">\n\t\t\t\t\t\t\t\t<div class=\"elementor-field-type-text elementor-field-group elementor-column elementor-field-group-name elementor-col-50 elementor-field-required\">\n\t\t\t\t\t\t\t\t\t\t\t\t<label for=\"form-field-name\" class=\"elementor-field-label elementor-screen-only\">\n\t\t\t\t\t\t\t\tName\t\t\t\t\t\t\t<\/label>\n\t\t\t\t\t\t\t\t\t\t\t\t\t\t<input size=\"1\" type=\"text\" name=\"form_fields[name]\" id=\"form-field-name\" class=\"elementor-field elementor-size-md  elementor-field-textual\" placeholder=\"Name\" required=\"required\">\n\t\t\t\t\t\t\t\t\t\t\t<\/div>\n\t\t\t\t\t\t\t\t<div class=\"elementor-field-type-text elementor-field-group elementor-column elementor-field-group-field_803a894 elementor-col-50 elementor-field-required\">\n\t\t\t\t\t\t\t\t\t\t\t\t<label for=\"form-field-field_803a894\" class=\"elementor-field-label elementor-screen-only\">\n\t\t\t\t\t\t\t\tSurname\t\t\t\t\t\t\t<\/label>\n\t\t\t\t\t\t\t\t\t\t\t\t\t\t<input size=\"1\" type=\"text\" name=\"form_fields[field_803a894]\" id=\"form-field-field_803a894\" class=\"elementor-field elementor-size-md  elementor-field-textual\" placeholder=\"Surname\" required=\"required\">\n\t\t\t\t\t\t\t\t\t\t\t<\/div>\n\t\t\t\t\t\t\t\t<div class=\"elementor-field-type-email elementor-field-group elementor-column elementor-field-group-email elementor-col-50 elementor-field-required\">\n\t\t\t\t\t\t\t\t\t\t\t\t<label for=\"form-field-email\" class=\"elementor-field-label elementor-screen-only\">\n\t\t\t\t\t\t\t\tEmail\t\t\t\t\t\t\t<\/label>\n\t\t\t\t\t\t\t\t\t\t\t\t\t\t<input size=\"1\" type=\"email\" name=\"form_fields[email]\" id=\"form-field-email\" class=\"elementor-field elementor-size-md  elementor-field-textual\" placeholder=\"Email\" required=\"required\">\n\t\t\t\t\t\t\t\t\t\t\t<\/div>\n\t\t\t\t\t\t\t\t<div class=\"elementor-field-type-text elementor-field-group elementor-column elementor-field-group-field_da746a4 elementor-col-50 elementor-field-required\">\n\t\t\t\t\t\t\t\t\t\t\t\t<label for=\"form-field-field_da746a4\" class=\"elementor-field-label elementor-screen-only\">\n\t\t\t\t\t\t\t\tGym\t\t\t\t\t\t\t<\/label>\n\t\t\t\t\t\t\t\t\t\t\t\t\t\t<input size=\"1\" type=\"text\" name=\"form_fields[field_da746a4]\" id=\"form-field-field_da746a4\" class=\"elementor-field elementor-size-md  elementor-field-textual\" placeholder=\"Gym\" required=\"required\">\n\t\t\t\t\t\t\t\t\t\t\t<\/div>\n\t\t\t\t\t\t\t\t<div class=\"elementor-field-group elementor-column elementor-field-type-submit elementor-col-100 e-form__buttons\">\n\t\t\t\t\t<button class=\"elementor-button elementor-size-md\" type=\"submit\">\n\t\t\t\t\t\t<span class=\"elementor-button-content-wrapper\">\n\t\t\t\t\t\t\t\t\t\t\t\t\t\t\t\t\t\t\t\t\t\t<span class=\"elementor-button-text\">Download Guide<\/span>\n\t\t\t\t\t\t\t\t\t\t\t\t\t<\/span>\n\t\t\t\t\t<\/button>\n\t\t\t\t<\/div>\n\t\t\t<\/div>\n\t\t<\/form>\n\t\t\t\t\t\t<\/div>\n\t\t\t\t<\/div>\n\t\t\t\t\t<\/div>\n\t\t\t\t<\/div>\n\t\t\t\t<\/div>\n\t\t","protected":false},"excerpt":{"rendered":"<p>Scopul acestui ghid este de a sublinia importan\u021ba vital\u0103 a incluziunii \u00een activit\u0103\u021bile fizice, \u00een specialpentru persoanele cu dizabilit\u0103\u021bi. Activitatea\u200bfzic\u0103\u200b este\u200b un\u200b aspect\u200bfundamental\u200b al\u200b s\u0103n\u0103t\u0103\u021bii,\u200bbun\u0103st\u0103rii \u200b \u0219i\u200b socializ\u0103rii\u200b pentru\u200btoate\u200b persoanele,\u200b indiferent\u200b de\u200bcapacit\u0103\u021bile\u200b lor\u200b fizice. Cutoate acestea, persoanele cu handicap se confrunt\u0103\u200b adesea\u200b cu\u200b bariere\u200bsemnificative\u200b care\u200ble\u200blimiteaz\u0103 participarea la sport, fitness \u0219i activit\u0103\u021bi fzice. Acest ghid \u00ee\u0219i [&hellip;]<\/p>\n","protected":false},"author":1,"featured_media":0,"parent":3694,"menu_order":0,"comment_status":"closed","ping_status":"closed","template":"","meta":{"_acf_changed":false,"footnotes":""},"class_list":["post-4842","page","type-page","status-publish","hentry"],"acf":[],"_links":{"self":[{"href":"https:\/\/romaniaactive.ro\/en\/wp-json\/wp\/v2\/pages\/4842","targetHints":{"allow":["GET"]}}],"collection":[{"href":"https:\/\/romaniaactive.ro\/en\/wp-json\/wp\/v2\/pages"}],"about":[{"href":"https:\/\/romaniaactive.ro\/en\/wp-json\/wp\/v2\/types\/page"}],"author":[{"embeddable":true,"href":"https:\/\/romaniaactive.ro\/en\/wp-json\/wp\/v2\/users\/1"}],"replies":[{"embeddable":true,"href":"https:\/\/romaniaactive.ro\/en\/wp-json\/wp\/v2\/comments?post=4842"}],"version-history":[{"count":0,"href":"https:\/\/romaniaactive.ro\/en\/wp-json\/wp\/v2\/pages\/4842\/revisions"}],"up":[{"embeddable":true,"href":"https:\/\/romaniaactive.ro\/en\/wp-json\/wp\/v2\/pages\/3694"}],"wp:attachment":[{"href":"https:\/\/romaniaactive.ro\/en\/wp-json\/wp\/v2\/media?parent=4842"}],"curies":[{"name":"wp","href":"https:\/\/api.w.org\/{rel}","templated":true}]}}